{"id":393,"date":"2019-04-17T08:50:47","date_gmt":"2019-04-17T06:50:47","guid":{"rendered":"http:\/\/gaestehaus.reiterhof-bad-fuessing.de\/?page_id=393"},"modified":"2026-01-12T13:59:40","modified_gmt":"2026-01-12T12:59:40","slug":"die-neue-einzimmer-ferienwohnung","status":"publish","type":"page","link":"https:\/\/gaestehaus.reiterhof-bad-fuessing.de\/?page_id=393","title":{"rendered":"Die neue Einzimmer Ferienwohnung"},"content":{"rendered":"<div id=\"su_carousel_69e8d7020bffb\" class=\"su-carousel su-carousel-centered su-carousel-pages-no su-carousel-responsive-yes su-lightbox-gallery\" style=\"width:100%\" data-autoplay=\"3000\" data-speed=\"600\" data-mousewheel=\"true\" data-items=\"3\" data-scroll=\"1\"><div class=\"su-carousel-slides\"><div class=\"su-carousel-slide\"><a href=\"https:\/\/gaestehaus.reiterhof-bad-fuessing.de\/wp-content\/uploads\/2019\/05\/Grundriss-102.jpg\" title=\"Grundriss 102\"><img src=\"https:\/\/gaestehaus.reiterhof-bad-fuessing.de\/wp-content\/uploads\/2019\/05\/Grundriss-102-182x100.jpg\" alt=\"Grundriss 102\" \/><span class=\"su-carousel-slide-title\">Grundriss 102<\/span><\/a><\/div><div class=\"su-carousel-slide\"><a href=\"https:\/\/gaestehaus.reiterhof-bad-fuessing.de\/wp-content\/uploads\/2019\/03\/FW1-4.jpg\" title=\"FW1-4\"><img src=\"https:\/\/gaestehaus.reiterhof-bad-fuessing.de\/wp-content\/uploads\/2019\/03\/FW1-4-182x100.jpg\" alt=\"FW1-4\" \/><span class=\"su-carousel-slide-title\">FW1-4<\/span><\/a><\/div><div class=\"su-carousel-slide\"><a href=\"https:\/\/gaestehaus.reiterhof-bad-fuessing.de\/wp-content\/uploads\/2019\/03\/FW1-3.jpg\" title=\"FW1-3\"><img src=\"https:\/\/gaestehaus.reiterhof-bad-fuessing.de\/wp-content\/uploads\/2019\/03\/FW1-3-182x100.jpg\" alt=\"FW1-3\" \/><span class=\"su-carousel-slide-title\">FW1-3<\/span><\/a><\/div><div class=\"su-carousel-slide\"><a href=\"https:\/\/gaestehaus.reiterhof-bad-fuessing.de\/wp-content\/uploads\/2019\/03\/FW1-7.jpg\" title=\"FW1-7\"><img src=\"https:\/\/gaestehaus.reiterhof-bad-fuessing.de\/wp-content\/uploads\/2019\/03\/FW1-7-182x100.jpg\" alt=\"FW1-7\" \/><span class=\"su-carousel-slide-title\">FW1-7<\/span><\/a><\/div><div class=\"su-carousel-slide\"><a href=\"https:\/\/gaestehaus.reiterhof-bad-fuessing.de\/wp-content\/uploads\/2019\/03\/FW1-5.jpg\" title=\"FW1-5\"><img src=\"https:\/\/gaestehaus.reiterhof-bad-fuessing.de\/wp-content\/uploads\/2019\/03\/FW1-5-182x100.jpg\" alt=\"FW1-5\" \/><span class=\"su-carousel-slide-title\">FW1-5<\/span><\/a><\/div><div class=\"su-carousel-slide\"><a href=\"https:\/\/gaestehaus.reiterhof-bad-fuessing.de\/wp-content\/uploads\/2019\/03\/FW1-2.jpg\" title=\"FW1-2\"><img src=\"https:\/\/gaestehaus.reiterhof-bad-fuessing.de\/wp-content\/uploads\/2019\/03\/FW1-2-182x100.jpg\" alt=\"FW1-2\" \/><span class=\"su-carousel-slide-title\">FW1-2<\/span><\/a><\/div><div class=\"su-carousel-slide\"><a href=\"https:\/\/gaestehaus.reiterhof-bad-fuessing.de\/wp-content\/uploads\/2019\/03\/FW1-1.jpg\" title=\"FW1-1\"><img src=\"https:\/\/gaestehaus.reiterhof-bad-fuessing.de\/wp-content\/uploads\/2019\/03\/FW1-1-182x100.jpg\" alt=\"FW1-1\" \/><span class=\"su-carousel-slide-title\">FW1-1<\/span><\/a><\/div><div class=\"su-carousel-slide\"><a href=\"https:\/\/gaestehaus.reiterhof-bad-fuessing.de\/wp-content\/uploads\/2019\/06\/FEWO-BAD-e1560350452271.jpg\" title=\"FEWO BAD\"><img src=\"https:\/\/gaestehaus.reiterhof-bad-fuessing.de\/wp-content\/uploads\/2019\/06\/FEWO-BAD-e1560350452271.jpg\" alt=\"FEWO BAD\" \/><span class=\"su-carousel-slide-title\">FEWO BAD<\/span><\/a><\/div><div class=\"su-carousel-slide\"><a href=\"https:\/\/gaestehaus.reiterhof-bad-fuessing.de\/wp-content\/uploads\/2015\/06\/Slider_gh09.jpg\" title=\"Slider_gh09\"><img src=\"https:\/\/gaestehaus.reiterhof-bad-fuessing.de\/wp-content\/uploads\/2015\/06\/Slider_gh09-182x100.jpg\" alt=\"Slider_gh09\" \/><span class=\"su-carousel-slide-title\">Slider_gh09<\/span><\/a><\/div><div class=\"su-carousel-slide\"><a href=\"https:\/\/gaestehaus.reiterhof-bad-fuessing.de\/wp-content\/uploads\/2015\/06\/Slider_gh02.jpg\" title=\"Slider_gh02\"><img src=\"https:\/\/gaestehaus.reiterhof-bad-fuessing.de\/wp-content\/uploads\/2015\/06\/Slider_gh02-182x100.jpg\" alt=\"Slider_gh02\" \/><span class=\"su-carousel-slide-title\">Slider_gh02<\/span><\/a><\/div><\/div><div class=\"su-carousel-nav\"><div class=\"su-carousel-direction\"><span class=\"su-carousel-prev\"><\/span><span class=\"su-carousel-next\"><\/span><\/div><div class=\"su-carousel-pagination\"><\/div><\/div><\/div>\n<p>Im 1. OG mit 1 Balkon, Einzelbett, WC mit Dusche, Couchgarnitur, Esstisch und\u00a0 moderner K\u00fcchenzeile mit\u00a0 ca. 28 m2 Wohnfl\u00e4che <strong>f\u00fcr 1 Person. <\/strong>2 Sat-TV, Radiowecker, Kompakt-Stereoanlage, Tresor\u00a0 und kostenlosem WLAN ausgestattet<strong><br \/>\n<\/strong><\/p>\n<p><strong>Preis f\u00fcr 1 Personen incl. gesamter W\u00e4sche und Endreinigung je \u00dcN<\/strong><\/p>\n<ul>\n<li>1 bis\u00a0\u00a0 3 \u00dcN\u00a0\u00a0\u00a0\u00a0\u00a0\u00a0\u00a0\u00a0\u00a0\u00a0\u00a0\u00a0\u00a0\u00a0\u00a0\u00a0\u00a0\u00a0\u00a0\u00a0\u00a0\u00a0\u00a0\u00a0\u00a0\u00a0\u00a0\u00a0\u00a0\u00a0\u00a0\u00a0\u00a0 \u20ac 58,00 (2026)<\/li>\n<li>4 \u00dcN\u00a0\u00a0\u00a0\u00a0\u00a0\u00a0\u00a0\u00a0\u00a0\u00a0\u00a0\u00a0\u00a0\u00a0\u00a0 \u00a0\u00a0\u00a0\u00a0\u00a0\u00a0\u00a0\u00a0\u00a0\u00a0\u00a0\u00a0\u00a0\u00a0\u00a0\u00a0\u00a0\u00a0\u00a0\u00a0\u00a0\u00a0\u00a0\u00a0\u00a0\u00a0\u00a0\u00a0 \u20ac 43,00\u00a0 (2026)<\/li>\n<li>5 bis\u00a0\u00a0 7 \u00dcN\u00a0\u00a0\u00a0\u00a0\u00a0\u00a0\u00a0\u00a0\u00a0\u00a0\u00a0\u00a0\u00a0\u00a0\u00a0\u00a0\u00a0\u00a0\u00a0\u00a0\u00a0\u00a0\u00a0\u00a0\u00a0\u00a0\u00a0\u00a0\u00a0\u00a0\u00a0\u00a0\u00a0 \u20ac 38,00 (2026)<\/li>\n<li>8 bis 14 \u00dcN\u00a0 \u00a0 \u00a0 \u00a0 \u00a0 \u00a0 \u00a0 \u00a0 \u00a0 \u00a0 \u00a0 \u00a0 \u00a0 \u00a0\u00a0 \u00a0 \u00a0\u00a0 \u20ac 35,00 (2026)<\/li>\n<li>ab\u00a0 \u00a0\u00a0\u00a015 \u00dcN\u00a0\u00a0\u00a0\u00a0\u00a0\u00a0\u00a0\u00a0\u00a0\u00a0\u00a0\u00a0\u00a0\u00a0\u00a0\u00a0\u00a0\u00a0\u00a0\u00a0\u00a0\u00a0\u00a0\u00a0\u00a0\u00a0\u00a0 \u00a0\u00a0 \u00a0\u00a0 \u20ac 34,00 (2026)<\/li>\n<\/ul>\n<p><strong>Zwischenreinigung nach Wunsch:\u00a0\u00a0\u00a0\u00a0\u00a0\u00a0\u00a0\u00a0\u00a0\u00a0\u00a0\u00a0\u00a0\u00a0\u00a0\u00a0\u00a0\u00a0\u00a0\u00a0\u00a0\u00a0\u00a0\u00a0\u00a0\u00a0\u00a0\u00a0\u00a0\u00a0\u00a0\u00a0\u00a0\u00a0\u00a0\u00a0 \u20ac 35,00 <\/strong><\/p>\n<p>Alle 2-Zimmerappartements haben 2 m\u00f6blierte Balkone oder gro\u00dfe Terrasse und sind mit Dusche\/WC, F\u00f6hn, moderner K\u00fcchenzeile,<\/p>\n<p><strong>Hinweise:<\/strong><\/p>\n<p>Kurtaxe zzgl. \u20ac 2,10 &#8211; \u20ac 2,70 \/ Tag und Person je nach Saison<\/p>\n<p><strong>Unser Haus ist ein Nichtraucherhaus. Hunde sind leider nicht erlaubt.<\/strong><\/p>\n<p>Stornierungen bis 30 Tage vor Anreise kostenfrei, Stornierungen zwischen 30-14 Tage vor Anreise werden mit 50% der Gesamtkosten berechnet. Stornierungen in den 14 Tagen vor Anreise werden mit 100% der Gesamtkosten berechnet. Wir empfehlen eine Reise-R\u00fccktrittversicherung.<\/p>\n<ul>\n<li>Alle Preise inkl. 7% Mehrwertsteuer zzgl. Kurtaxe und Nebenkosten f\u00fcr beanspruchte Zusatzleistungen. Unsere Preise richten sich nach Appartementtyp, Aufenthaltsdauer und Personenzahl.<\/li>\n<li>Alle Preise inkl. Endreinigung, Handtuchsatz und Bettw\u00e4sche<\/li>\n<li>Handtuchwechsel nach jeweils 7 Tagen und frische Bettw\u00e4sche bei Aufenthalten ab 3 Wochen inklusive. Zus\u00e4tzliche W\u00e4sche und Zwischenreinigung buchbar.<\/li>\n<li>Im Fall einer MwSt.-Erh\u00f6hung oder allgemeiner Preissteigerungen behalten wir uns vor, die Preise entsprechend anzupassen.<\/li>\n<\/ul>\n<a href=\"https:\/\/gaestehaus.reiterhof-bad-fuessing.de\/?page_id=106\" title=\"\" target=\"_self\" rel=\"\" class=\" gdl-button large\">Verf\u00fcgbarkeit pr\u00fcfen<\/a>\n","protected":false},"excerpt":{"rendered":"<p>Im 1. OG mit 1 Balkon, Einzelbett, WC mit Dusche, Couchgarnitur, Esstisch und\u00a0 moderner K\u00fcchenzeile mit\u00a0 ca. 28 m2 Wohnfl\u00e4che f\u00fcr 1 Person. 2 Sat-TV, Radiowecker, Kompakt-Stereoanlage, Tresor\u00a0 und kostenlosem WLAN ausgestattet Preis f\u00fcr 1 Personen incl. gesamter W\u00e4sche und Endreinigung je \u00dcN 1 bis\u00a0\u00a0 3 \u00dcN\u00a0\u00a0\u00a0\u00a0\u00a0\u00a0\u00a0\u00a0\u00a0\u00a0\u00a0\u00a0\u00a0\u00a0\u00a0\u00a0\u00a0\u00a0\u00a0\u00a0\u00a0\u00a0\u00a0\u00a0\u00a0\u00a0\u00a0\u00a0\u00a0\u00a0\u00a0\u00a0\u00a0 \u20ac 58,00 (2026) 4 \u00dcN\u00a0\u00a0\u00a0\u00a0\u00a0\u00a0\u00a0\u00a0\u00a0\u00a0\u00a0\u00a0\u00a0\u00a0\u00a0 \u00a0\u00a0\u00a0\u00a0\u00a0\u00a0\u00a0\u00a0\u00a0\u00a0\u00a0\u00a0\u00a0\u00a0\u00a0\u00a0\u00a0\u00a0\u00a0\u00a0\u00a0\u00a0\u00a0\u00a0\u00a0\u00a0\u00a0\u00a0 \u20ac 43,00\u00a0 (2026) 5 bis\u00a0\u00a0 7 \u00dcN\u00a0\u00a0\u00a0\u00a0\u00a0\u00a0\u00a0\u00a0\u00a0\u00a0\u00a0\u00a0\u00a0\u00a0\u00a0\u00a0\u00a0\u00a0\u00a0\u00a0\u00a0\u00a0\u00a0\u00a0\u00a0\u00a0\u00a0\u00a0\u00a0\u00a0\u00a0\u00a0\u00a0 \u20ac 38,00 (2026) 8 bis 14 \u00dcN\u00a0 \u00a0 \u00a0 \u00a0 \u00a0 \u00a0 \u00a0 \u00a0 \u00a0 \u00a0 \u00a0 \u00a0 \u00a0 \u00a0\u00a0 \u00a0 \u00a0\u00a0 \u20ac 35,00 (2026) ab\u00a0 \u00a0\u00a0\u00a015 \u00dcN\u00a0\u00a0\u00a0\u00a0\u00a0\u00a0\u00a0\u00a0\u00a0\u00a0\u00a0\u00a0\u00a0\u00a0\u00a0\u00a0\u00a0\u00a0\u00a0\u00a0\u00a0\u00a0\u00a0\u00a0\u00a0\u00a0\u00a0 \u00a0\u00a0 \u00a0\u00a0 \u20ac 34,00 (2026) Zwischenreinigung nach Wunsch:\u00a0\u00a0\u00a0\u00a0\u00a0\u00a0\u00a0\u00a0\u00a0\u00a0\u00a0\u00a0\u00a0\u00a0\u00a0\u00a0\u00a0\u00a0\u00a0\u00a0\u00a0\u00a0\u00a0\u00a0\u00a0\u00a0\u00a0\u00a0\u00a0\u00a0\u00a0\u00a0\u00a0\u00a0\u00a0\u00a0 \u20ac 35,00 Alle 2-Zimmerappartements haben 2 m\u00f6blierte Balkone oder gro\u00dfe Terrasse und sind mit Dusche\/WC, F\u00f6hn, moderner K\u00fcchenzeile, Hinweise: Kurtaxe zzgl. \u20ac 2,10 &#8211; \u20ac 2,70 \/ Tag und Person je nach Saison Unser Haus ist ein Nichtraucherhaus. Hunde sind leider nicht erlaubt. Stornierungen bis 30 Tage vor Anreise kostenfrei, Stornierungen zwischen 30-14 Tage vor Anreise werden mit 50% der Gesamtkosten berechnet. Stornierungen in den 14 Tagen vor Anreise werden mit 100% der Gesamtkosten berechnet. Wir empfehlen eine Reise-R\u00fccktrittversicherung. Alle Preise inkl. 7% Mehrwertsteuer zzgl. Kurtaxe und Nebenkosten f\u00fcr beanspruchte Zusatzleistungen. Unsere Preise richten sich nach Appartementtyp, Aufenthaltsdauer und Personenzahl. Alle Preise inkl. Endreinigung, Handtuchsatz und Bettw\u00e4sche Handtuchwechsel nach jeweils 7 Tagen und frische Bettw\u00e4sche bei Aufenthalten ab 3 Wochen inklusive. Zus\u00e4tzliche W\u00e4sche und Zwischenreinigung buchbar. Im Fall einer MwSt.-Erh\u00f6hung oder allgemeiner Preissteigerungen behalten wir uns vor, die Preise entsprechend anzupassen.<\/p>\n","protected":false},"author":1,"featured_media":0,"parent":0,"menu_order":0,"comment_status":"closed","ping_status":"closed","template":"","meta":{"_links_to":"","_links_to_target":""},"_links":{"self":[{"href":"https:\/\/gaestehaus.reiterhof-bad-fuessing.de\/index.php?rest_route=\/wp\/v2\/pages\/393"}],"collection":[{"href":"https:\/\/gaestehaus.reiterhof-bad-fuessing.de\/index.php?rest_route=\/wp\/v2\/pages"}],"about":[{"href":"https:\/\/gaestehaus.reiterhof-bad-fuessing.de\/index.php?rest_route=\/wp\/v2\/types\/page"}],"author":[{"embeddable":true,"href":"https:\/\/gaestehaus.reiterhof-bad-fuessing.de\/index.php?rest_route=\/wp\/v2\/users\/1"}],"replies":[{"embeddable":true,"href":"https:\/\/gaestehaus.reiterhof-bad-fuessing.de\/index.php?rest_route=%2Fwp%2Fv2%2Fcomments&post=393"}],"version-history":[{"count":32,"href":"https:\/\/gaestehaus.reiterhof-bad-fuessing.de\/index.php?rest_route=\/wp\/v2\/pages\/393\/revisions"}],"predecessor-version":[{"id":836,"href":"https:\/\/gaestehaus.reiterhof-bad-fuessing.de\/index.php?rest_route=\/wp\/v2\/pages\/393\/revisions\/836"}],"wp:attachment":[{"href":"https:\/\/gaestehaus.reiterhof-bad-fuessing.de\/index.php?rest_route=%2Fwp%2Fv2%2Fmedia&parent=393"}],"curies":[{"name":"wp","href":"https:\/\/api.w.org\/{rel}","templated":true}]}}