{"id":384,"date":"2019-04-17T08:43:45","date_gmt":"2019-04-17T06:43:45","guid":{"rendered":"http:\/\/gaestehaus.reiterhof-bad-fuessing.de\/?page_id=384"},"modified":"2026-01-12T13:58:49","modified_gmt":"2026-01-12T12:58:49","slug":"der-klassiker","status":"publish","type":"page","link":"https:\/\/gaestehaus.reiterhof-bad-fuessing.de\/?page_id=384","title":{"rendered":"Der Klassiker"},"content":{"rendered":"<div id=\"su_carousel_69e460ec528b6\" class=\"su-carousel su-carousel-centered su-carousel-pages-no su-carousel-responsive-yes su-lightbox-gallery\" style=\"width:100%\" data-autoplay=\"3000\" data-speed=\"600\" data-mousewheel=\"true\" data-items=\"3\" data-scroll=\"1\"><div class=\"su-carousel-slides\"><div class=\"su-carousel-slide\"><a href=\"https:\/\/gaestehaus.reiterhof-bad-fuessing.de\/wp-content\/uploads\/2019\/05\/Grundriss-101.jpg\" title=\"Grundriss 101 Der Klassiker\"><img src=\"https:\/\/gaestehaus.reiterhof-bad-fuessing.de\/wp-content\/uploads\/2019\/05\/Grundriss-101-182x100.jpg\" alt=\"Grundriss 101 Der Klassiker\" \/><span class=\"su-carousel-slide-title\">Grundriss 101 Der Klassiker<\/span><\/a><\/div><div class=\"su-carousel-slide\"><a href=\"https:\/\/gaestehaus.reiterhof-bad-fuessing.de\/wp-content\/uploads\/2019\/03\/Klassiker-Diele-e1553670722828.jpg\" title=\"Klassiker-Diele\"><img src=\"https:\/\/gaestehaus.reiterhof-bad-fuessing.de\/wp-content\/uploads\/2019\/03\/Klassiker-Diele-e1553670722828.jpg\" alt=\"Klassiker-Diele\" \/><span class=\"su-carousel-slide-title\">Klassiker-Diele<\/span><\/a><\/div><div class=\"su-carousel-slide\"><a href=\"https:\/\/gaestehaus.reiterhof-bad-fuessing.de\/wp-content\/uploads\/2019\/06\/Klassiker-WZ-e1560350526769.jpg\" title=\"Klassiker-WZ\"><img src=\"https:\/\/gaestehaus.reiterhof-bad-fuessing.de\/wp-content\/uploads\/2019\/06\/Klassiker-WZ-e1560350526769.jpg\" alt=\"Klassiker-WZ\" \/><span class=\"su-carousel-slide-title\">Klassiker-WZ<\/span><\/a><\/div><div class=\"su-carousel-slide\"><a href=\"https:\/\/gaestehaus.reiterhof-bad-fuessing.de\/wp-content\/uploads\/2019\/03\/Klassiker-Essbereich.jpg\" title=\"Klassiker -Essbereich\"><img src=\"https:\/\/gaestehaus.reiterhof-bad-fuessing.de\/wp-content\/uploads\/2019\/03\/Klassiker-Essbereich-182x100.jpg\" alt=\"Klassiker -Essbereich\" \/><span class=\"su-carousel-slide-title\">Klassiker -Essbereich<\/span><\/a><\/div><div class=\"su-carousel-slide\"><a href=\"https:\/\/gaestehaus.reiterhof-bad-fuessing.de\/wp-content\/uploads\/2015\/07\/Schlafzimmer_bearb.jpg\" title=\"Schlafzimmer_bearb\"><img src=\"https:\/\/gaestehaus.reiterhof-bad-fuessing.de\/wp-content\/uploads\/2015\/07\/Schlafzimmer_bearb-182x100.jpg\" alt=\"Schlafzimmer_bearb\" \/><span class=\"su-carousel-slide-title\">Schlafzimmer_bearb<\/span><\/a><\/div><div class=\"su-carousel-slide\"><a href=\"https:\/\/gaestehaus.reiterhof-bad-fuessing.de\/wp-content\/uploads\/2015\/07\/Bad.jpg\" title=\"Bad\"><img src=\"https:\/\/gaestehaus.reiterhof-bad-fuessing.de\/wp-content\/uploads\/2015\/07\/Bad-182x100.jpg\" alt=\"Bad\" \/><span class=\"su-carousel-slide-title\">Bad<\/span><\/a><\/div><div class=\"su-carousel-slide\"><a href=\"https:\/\/gaestehaus.reiterhof-bad-fuessing.de\/wp-content\/uploads\/2019\/04\/Klassiker-K\u00fcche.jpg\" title=\"Klassiker-K\u00fcche\"><img src=\"https:\/\/gaestehaus.reiterhof-bad-fuessing.de\/wp-content\/uploads\/2019\/04\/Klassiker-K\u00fcche-182x100.jpg\" alt=\"Klassiker-K\u00fcche\" \/><span class=\"su-carousel-slide-title\">Klassiker-K\u00fcche<\/span><\/a><\/div><div class=\"su-carousel-slide\"><a href=\"https:\/\/gaestehaus.reiterhof-bad-fuessing.de\/wp-content\/uploads\/2015\/06\/Slider_gh09.jpg\" title=\"Slider_gh09\"><img src=\"https:\/\/gaestehaus.reiterhof-bad-fuessing.de\/wp-content\/uploads\/2015\/06\/Slider_gh09-182x100.jpg\" alt=\"Slider_gh09\" \/><span class=\"su-carousel-slide-title\">Slider_gh09<\/span><\/a><\/div><div class=\"su-carousel-slide\"><a href=\"https:\/\/gaestehaus.reiterhof-bad-fuessing.de\/wp-content\/uploads\/2015\/06\/Slider_gh02.jpg\" title=\"Slider_gh02\"><img src=\"https:\/\/gaestehaus.reiterhof-bad-fuessing.de\/wp-content\/uploads\/2015\/06\/Slider_gh02-182x100.jpg\" alt=\"Slider_gh02\" \/><span class=\"su-carousel-slide-title\">Slider_gh02<\/span><\/a><\/div><\/div><div class=\"su-carousel-nav\"><div class=\"su-carousel-direction\"><span class=\"su-carousel-prev\"><\/span><span class=\"su-carousel-next\"><\/span><\/div><div class=\"su-carousel-pagination\"><\/div><\/div><\/div>\n<p>auf dem Reiterhof Bad F\u00fcssing, idyllisch und ruhig gelegen, ist eine mit 70 m\u00b2 Wohnfl\u00e4che gro\u00dfz\u00fcgige Ferienwohnung im 1. OG unseres Nichtraucherhauses f\u00fcr <strong>1-2 Personen<\/strong>.<\/p>\n<p>Hochwertig, geschmackvoll und gem\u00fctlich im bayerischen Stil eingerichtet, mit 2 gro\u00dfen m\u00f6blierten Balkonen, bietet Sie G\u00e4sten, die einen ungezwungenen Urlaub mit viel Platz, Komfort und Ruhe genie\u00dfen wollen, beste Voraussetzungen.<\/p>\n<p>Das <strong>Wohnzimmer<\/strong> mit gro\u00dfem Westbalkon ist mit zus\u00e4tzlicher Eckbanck sowie SAT-TV und kleiner Stereo-Anlage mit CD ausgestattet.<\/p>\n<p>Im <strong>Schlafzimmer<\/strong>, mit m\u00f6bliertem S\u00fcdbalkon, findet der Gast hochwertige Betten mit Taschenfederkernmatratzen, eine Schrankwand mit Safe, zus\u00e4tzlichen TV und Radiowecker.<\/p>\n<p>Komplette, separate Einbauk\u00fcche mit zeitgem\u00e4\u00dfen Komfort, ferner Mikrowelle, Toaster, Kaffeemaschine und Wasserkocher.<\/p>\n<p><strong>Bad mit Duschkabine und Badewanne<\/strong>, Spiegel und W\u00e4scheschrank, Haarf\u00f6hn und Personenwaage.<\/p>\n<p>Unsere bestehende gro\u00dfz\u00fcgige Ferienwohnung mit\u00a0 ca. 70 m2 Wohnfl\u00e4che, 2 Balkonen, separater K\u00fcche mit modernen Ger\u00e4ten, Schlafzimmer, Bad mit WC, Dusche und Badewanne, 2 Sat-TV, Radiowecker, Kompakt-Stereoanlage, Tresor\u00a0 und kostenlosem WLAN ausgestattet und Wohnzimmer im 1. OG.<\/p>\n<p><strong>2019 renoviert<\/strong> mit neuen B\u00f6den und neuen Elektoger\u00e4ten in der K\u00fcche.<\/p>\n<p><strong>Preis\u00a0 f\u00fcr 1 bis 2 Personen incl. gesamter W\u00e4sche und Endreinigung je \u00dcN<\/strong><\/p>\n<ul>\n<li>4 \u00dcN\u00a0\u00a0\u00a0\u00a0\u00a0\u00a0 \u00a0\u00a0\u00a0\u00a0\u00a0\u00a0\u00a0\u00a0\u00a0\u00a0\u00a0\u00a0\u00a0\u00a0\u00a0\u00a0\u00a0\u00a0\u00a0\u00a0\u00a0\u00a0\u00a0\u00a0\u00a0\u00a0\u00a0\u00a0\u00a0\u00a0\u00a0\u00a0\u00a0\u00a0\u00a0\u00a0\u00a0\u00a0\u00a0\u00a0\u00a0\u00a0\u00a0\u00a0\u00a0\u00a0\u00a0\u00a0\u00a0\u00a0\u00a0 \u00a0\u00a0\u00a0 \u20ac 62,00\u00a0 (2026)<\/li>\n<li>5 bis \u00a0 7 \u00dcN \u00a0 \u00a0 \u00a0 \u00a0 \u00a0 \u00a0 \u00a0 \u00a0 \u00a0 \u00a0 \u00a0 \u00a0 \u00a0 \u00a0 \u00a0 \u00a0 \u00a0 \u00a0 \u00a0 \u00a0 \u00a0 \u00a0 \u00a0\u00a0 \u00a0\u00a0 \u20ac 57,00 \u00a0 (2026)<\/li>\n<li>8 bis 14 \u00dcN\u00a0 \u00a0 \u00a0 \u00a0 \u00a0 \u00a0 \u00a0 \u00a0 \u00a0 \u00a0 \u00a0 \u00a0 \u00a0 \u00a0 \u00a0 \u00a0 \u00a0 \u00a0 \u00a0 \u00a0 \u00a0 \u00a0 \u00a0 \u00a0\u00a0\u00a0\u00a0 \u20ac 54,50\u00a0\u00a0 (2026)<\/li>\n<li>ab\u00a0 \u00a0\u00a0\u00a015 \u00dcN\u00a0\u00a0\u00a0\u00a0\u00a0\u00a0\u00a0\u00a0\u00a0\u00a0\u00a0\u00a0\u00a0\u00a0\u00a0\u00a0\u00a0\u00a0\u00a0\u00a0\u00a0\u00a0\u00a0\u00a0\u00a0\u00a0\u00a0\u00a0\u00a0\u00a0\u00a0\u00a0\u00a0\u00a0\u00a0\u00a0\u00a0\u00a0\u00a0\u00a0\u00a0\u00a0\u00a0\u00a0\u00a0\u00a0\u00a0\u00a0\u00a0\u00a0 \u20ac 52,50\u00a0\u00a0 (2026)<\/li>\n<\/ul>\n<p><strong>Zwischenreinigung nach Wunsch:\u00a0\u00a0\u00a0\u00a0\u00a0\u00a0\u00a0\u00a0\u00a0\u00a0\u00a0\u00a0\u00a0\u00a0\u00a0\u00a0\u00a0\u00a0\u00a0\u00a0\u00a0\u00a0\u00a0\u00a0\u00a0\u00a0\u00a0\u00a0\u00a0\u00a0\u00a0\u00a0\u00a0\u00a0\u00a0 \u20ac 50,00 <\/strong><\/p>\n<p><strong>Hinweise:<\/strong><\/p>\n<p>Kurtaxe zzgl. \u20ac 2,10 &#8211; \u20ac 2,70 \/ Tag und Person je nach Saison<\/p>\n<p><strong>Unser Haus ist ein Nichtraucherhaus. Hunde sind leider nicht erlaubt.<\/strong><\/p>\n<p>Stornierungen bis 30 Tage vor Anreise kostenfrei, Stornierungen zwischen 30-14 Tage vor Anreise werden mit 50% der Gesamtkosten berechnet. Stornierungen in den 14 Tagen vor Anreise werden mit 100% der Gesamtkosten berechnet. Wir empfehlen eine Reise-R\u00fccktrittversicherung.<\/p>\n<ul>\n<li>Alle Preise inkl. 7% Mehrwertsteuer zzgl. Kurtaxe und Nebenkosten f\u00fcr beanspruchte Zusatzleistungen. Unsere Preise richten sich nach Appartementtyp, Aufenthaltsdauer und Personenzahl.<\/li>\n<li>Alle Preise inkl. Endreinigung, Handtuchsatz und Bettw\u00e4sche<\/li>\n<li>Handtuchwechsel nach jeweils 7 Tagen und frische Bettw\u00e4sche bei Aufenthalten ab 3 Wochen inklusive. Zus\u00e4tzliche W\u00e4sche und Zwischenreinigung buchbar.<\/li>\n<li>Im Fall einer MwSt.-Erh\u00f6hung oder allgemeiner Preissteigerungen behalten wir uns vor, die Preise entsprechend anzupassen.<\/li>\n<\/ul>\n<a href=\"https:\/\/gaestehaus.reiterhof-bad-fuessing.de\/?page_id=106\" title=\"\" target=\"_self\" rel=\"\" class=\" gdl-button large\">Verf\u00fcgbarkeit pr\u00fcfen<\/a>\n","protected":false},"excerpt":{"rendered":"<p>auf dem Reiterhof Bad F\u00fcssing, idyllisch und ruhig gelegen, ist eine mit 70 m\u00b2 Wohnfl\u00e4che gro\u00dfz\u00fcgige Ferienwohnung im 1. OG unseres Nichtraucherhauses f\u00fcr 1-2 Personen. Hochwertig, geschmackvoll und gem\u00fctlich im bayerischen Stil eingerichtet, mit 2 gro\u00dfen m\u00f6blierten Balkonen, bietet Sie G\u00e4sten, die einen ungezwungenen Urlaub mit viel Platz, Komfort und Ruhe genie\u00dfen wollen, beste Voraussetzungen. Das Wohnzimmer mit gro\u00dfem Westbalkon ist mit zus\u00e4tzlicher Eckbanck sowie SAT-TV und kleiner Stereo-Anlage mit CD ausgestattet. Im Schlafzimmer, mit m\u00f6bliertem S\u00fcdbalkon, findet der Gast hochwertige Betten mit Taschenfederkernmatratzen, eine Schrankwand mit Safe, zus\u00e4tzlichen TV und Radiowecker. Komplette, separate Einbauk\u00fcche mit zeitgem\u00e4\u00dfen Komfort, ferner Mikrowelle, Toaster, Kaffeemaschine und Wasserkocher. Bad mit Duschkabine und Badewanne, Spiegel und W\u00e4scheschrank, Haarf\u00f6hn und Personenwaage. Unsere bestehende gro\u00dfz\u00fcgige Ferienwohnung mit\u00a0 ca. 70 m2 Wohnfl\u00e4che, 2 Balkonen, separater K\u00fcche mit modernen Ger\u00e4ten, Schlafzimmer, Bad mit WC, Dusche und Badewanne, 2 Sat-TV, Radiowecker, Kompakt-Stereoanlage, Tresor\u00a0 und kostenlosem WLAN ausgestattet und Wohnzimmer im 1. OG. 2019 renoviert mit neuen B\u00f6den und neuen Elektoger\u00e4ten in der K\u00fcche. Preis\u00a0 f\u00fcr 1 bis 2 Personen incl. gesamter W\u00e4sche und Endreinigung je \u00dcN 4 \u00dcN\u00a0\u00a0\u00a0\u00a0\u00a0\u00a0 \u00a0\u00a0\u00a0\u00a0\u00a0\u00a0\u00a0\u00a0\u00a0\u00a0\u00a0\u00a0\u00a0\u00a0\u00a0\u00a0\u00a0\u00a0\u00a0\u00a0\u00a0\u00a0\u00a0\u00a0\u00a0\u00a0\u00a0\u00a0\u00a0\u00a0\u00a0\u00a0\u00a0\u00a0\u00a0\u00a0\u00a0\u00a0\u00a0\u00a0\u00a0\u00a0\u00a0\u00a0\u00a0\u00a0\u00a0\u00a0\u00a0\u00a0\u00a0 \u00a0\u00a0\u00a0 \u20ac 62,00\u00a0 (2026) 5 bis \u00a0 7 \u00dcN \u00a0 \u00a0 \u00a0 \u00a0 \u00a0 \u00a0 \u00a0 \u00a0 \u00a0 \u00a0 \u00a0 \u00a0 \u00a0 \u00a0 \u00a0 \u00a0 \u00a0 \u00a0 \u00a0 \u00a0 \u00a0 \u00a0 \u00a0\u00a0 \u00a0\u00a0 \u20ac 57,00 \u00a0 (2026) 8 bis 14 \u00dcN\u00a0 \u00a0 \u00a0 \u00a0 \u00a0 \u00a0 \u00a0 \u00a0 \u00a0 \u00a0 \u00a0 \u00a0 \u00a0 \u00a0 \u00a0 \u00a0 \u00a0 \u00a0 \u00a0 \u00a0 \u00a0 \u00a0 \u00a0 \u00a0\u00a0\u00a0\u00a0 \u20ac 54,50\u00a0\u00a0 (2026) ab\u00a0 \u00a0\u00a0\u00a015 \u00dcN\u00a0\u00a0\u00a0\u00a0\u00a0\u00a0\u00a0\u00a0\u00a0\u00a0\u00a0\u00a0\u00a0\u00a0\u00a0\u00a0\u00a0\u00a0\u00a0\u00a0\u00a0\u00a0\u00a0\u00a0\u00a0\u00a0\u00a0\u00a0\u00a0\u00a0\u00a0\u00a0\u00a0\u00a0\u00a0\u00a0\u00a0\u00a0\u00a0\u00a0\u00a0\u00a0\u00a0\u00a0\u00a0\u00a0\u00a0\u00a0\u00a0\u00a0 \u20ac 52,50\u00a0\u00a0 (2026) Zwischenreinigung nach Wunsch:\u00a0\u00a0\u00a0\u00a0\u00a0\u00a0\u00a0\u00a0\u00a0\u00a0\u00a0\u00a0\u00a0\u00a0\u00a0\u00a0\u00a0\u00a0\u00a0\u00a0\u00a0\u00a0\u00a0\u00a0\u00a0\u00a0\u00a0\u00a0\u00a0\u00a0\u00a0\u00a0\u00a0\u00a0\u00a0 \u20ac 50,00 Hinweise: Kurtaxe zzgl. \u20ac 2,10 &#8211; \u20ac 2,70 \/ Tag und Person je nach Saison Unser Haus ist ein Nichtraucherhaus. Hunde sind leider nicht erlaubt. Stornierungen bis 30 Tage vor Anreise kostenfrei, Stornierungen zwischen 30-14 Tage vor Anreise werden mit 50% der Gesamtkosten berechnet. Stornierungen in den 14 Tagen vor Anreise werden mit 100% der Gesamtkosten berechnet. Wir empfehlen eine Reise-R\u00fccktrittversicherung. Alle Preise inkl. 7% Mehrwertsteuer zzgl. Kurtaxe und Nebenkosten f\u00fcr beanspruchte Zusatzleistungen. Unsere Preise richten sich nach Appartementtyp, Aufenthaltsdauer und Personenzahl. Alle Preise inkl. Endreinigung, Handtuchsatz und Bettw\u00e4sche Handtuchwechsel nach jeweils 7 Tagen und frische Bettw\u00e4sche bei Aufenthalten ab 3 Wochen inklusive. Zus\u00e4tzliche W\u00e4sche und Zwischenreinigung buchbar. Im Fall einer MwSt.-Erh\u00f6hung oder allgemeiner Preissteigerungen behalten wir uns vor, die Preise entsprechend anzupassen.<\/p>\n","protected":false},"author":1,"featured_media":0,"parent":0,"menu_order":0,"comment_status":"closed","ping_status":"closed","template":"","meta":{"_links_to":"","_links_to_target":""},"_links":{"self":[{"href":"https:\/\/gaestehaus.reiterhof-bad-fuessing.de\/index.php?rest_route=\/wp\/v2\/pages\/384"}],"collection":[{"href":"https:\/\/gaestehaus.reiterhof-bad-fuessing.de\/index.php?rest_route=\/wp\/v2\/pages"}],"about":[{"href":"https:\/\/gaestehaus.reiterhof-bad-fuessing.de\/index.php?rest_route=\/wp\/v2\/types\/page"}],"author":[{"embeddable":true,"href":"https:\/\/gaestehaus.reiterhof-bad-fuessing.de\/index.php?rest_route=\/wp\/v2\/users\/1"}],"replies":[{"embeddable":true,"href":"https:\/\/gaestehaus.reiterhof-bad-fuessing.de\/index.php?rest_route=%2Fwp%2Fv2%2Fcomments&post=384"}],"version-history":[{"count":38,"href":"https:\/\/gaestehaus.reiterhof-bad-fuessing.de\/index.php?rest_route=\/wp\/v2\/pages\/384\/revisions"}],"predecessor-version":[{"id":835,"href":"https:\/\/gaestehaus.reiterhof-bad-fuessing.de\/index.php?rest_route=\/wp\/v2\/pages\/384\/revisions\/835"}],"wp:attachment":[{"href":"https:\/\/gaestehaus.reiterhof-bad-fuessing.de\/index.php?rest_route=%2Fwp%2Fv2%2Fmedia&parent=384"}],"curies":[{"name":"wp","href":"https:\/\/api.w.org\/{rel}","templated":true}]}}